{"id":128,"date":"2017-04-21T20:17:52","date_gmt":"2017-04-21T20:17:52","guid":{"rendered":"http:\/\/norderney-sportboothafen.de\/?page_id=128"},"modified":"2024-09-30T12:11:00","modified_gmt":"2024-09-30T10:11:00","slug":"allgemeines","status":"publish","type":"page","link":"https:\/\/norderney-sportboothafen.de\/?page_id=128","title":{"rendered":"Allgemeines"},"content":{"rendered":"<h1>Allgemeines<\/h1>\n<h4>Unser Hafen im \u00dcberblick&#8230;<\/h4>\n<p><img loading=\"lazy\" decoding=\"async\" class=\"alignright size-medium wp-image-133\" src=\"https:\/\/norderney-sportboothafen.de\/wp-content\/uploads\/2017\/04\/luftaufnahme_hafen-300x225.jpg\" alt=\"\" width=\"300\" height=\"225\" srcset=\"https:\/\/norderney-sportboothafen.de\/wp-content\/uploads\/2017\/04\/luftaufnahme_hafen-300x225.jpg 300w, https:\/\/norderney-sportboothafen.de\/wp-content\/uploads\/2017\/04\/luftaufnahme_hafen-768x576.jpg 768w, https:\/\/norderney-sportboothafen.de\/wp-content\/uploads\/2017\/04\/luftaufnahme_hafen-1024x768.jpg 1024w\" sizes=\"auto, (max-width: 300px) 100vw, 300px\" \/>Der Hafen von Norderney geh\u00f6rt zu den beliebtesten Anlaufzielen an der ostfriesischen K\u00fcste. Die moderne Steganlage verf\u00fcgt \u00fcber ca. 250 Liegepl\u00e4tze und liegt im hinteren ruhigen Hafenbecken des Norderneyer Hafens. Es handelt sich zum gro\u00dfen Teil um Stege mit Fingerstegen. F\u00fcr alle Gastlieger besteht die M\u00f6glichkeit eines Strom- oder Wasseranschlusses. G\u00e4ste k\u00f6nnen \u201egr\u00fcne\u201d oder unbezeichnete Pl\u00e4tze nutzen.<\/p>\n<p>Der Hafen ist Heimathafen des Seglerverein Norderney e. V. Mit seinen modernen Einrichtungen bietet der Hafen allen Wassersportfreunden eine gute Infrastruktur. Genie\u00dfen Sie einen sch\u00f6nen Nachmittag oder Abend im Restaurant oder im Seglertreff, unserer Aalkuhle. Auf der Terrasse kann man den Blick \u00fcber den Hafen von Norderney und das Wattenmeer genie\u00dfen.<br \/>\n<img loading=\"lazy\" decoding=\"async\" class=\"alignnone wp-image-1068 size-full\" src=\"https:\/\/norderney-sportboothafen.de\/wp-content\/uploads\/2017\/06\/Wassersportzentrum.jpg\" alt=\"\" width=\"1400\" height=\"579\" srcset=\"https:\/\/norderney-sportboothafen.de\/wp-content\/uploads\/2017\/06\/Wassersportzentrum.jpg 1400w, https:\/\/norderney-sportboothafen.de\/wp-content\/uploads\/2017\/06\/Wassersportzentrum-300x124.jpg 300w, https:\/\/norderney-sportboothafen.de\/wp-content\/uploads\/2017\/06\/Wassersportzentrum-768x318.jpg 768w, https:\/\/norderney-sportboothafen.de\/wp-content\/uploads\/2017\/06\/Wassersportzentrum-1024x423.jpg 1024w\" sizes=\"auto, (max-width: 767px) 89vw, (max-width: 1000px) 54vw, (max-width: 1071px) 543px, 580px\" \/><\/p>\n<p>Das Bootshaus bildet das Zentrum f\u00fcr den Wassersport. In diesem Geb\u00e4ude sind gro\u00dfz\u00fcgig eingerichtete Sanit\u00e4reinrichtungen sowie Wasch- und Trockenautomaten. Dort befindet sich auch ein Behinderten-WC sowie ein Wickelraum. Als Serviceangebot bieten wir eine Tausch- und Leihb\u00fccherei sowie die M\u00f6glichkeit, unser kostenloses Wlan zu nutzen.<\/p>\n<div id='gallery-1' class='gallery galleryid-128 gallery-columns-2 gallery-size-medium'><figure class='gallery-item'>\n\t\t\t<div class='gallery-icon landscape'>\n\t\t\t\t<a href='https:\/\/norderney-sportboothafen.de\/?attachment_id=4275'><img loading=\"lazy\" decoding=\"async\" width=\"300\" height=\"145\" src=\"https:\/\/norderney-sportboothafen.de\/wp-content\/uploads\/2024\/09\/Luftbild-Hafen_1-300x145.png\" class=\"attachment-medium size-medium\" alt=\"\" srcset=\"https:\/\/norderney-sportboothafen.de\/wp-content\/uploads\/2024\/09\/Luftbild-Hafen_1-300x145.png 300w, https:\/\/norderney-sportboothafen.de\/wp-content\/uploads\/2024\/09\/Luftbild-Hafen_1-1400x675.png 1400w, https:\/\/norderney-sportboothafen.de\/wp-content\/uploads\/2024\/09\/Luftbild-Hafen_1-768x370.png 768w, https:\/\/norderney-sportboothafen.de\/wp-content\/uploads\/2024\/09\/Luftbild-Hafen_1-1536x741.png 1536w, https:\/\/norderney-sportboothafen.de\/wp-content\/uploads\/2024\/09\/Luftbild-Hafen_1.png 1847w\" sizes=\"auto, 100vw\" \/><\/a>\n\t\t\t<\/div><\/figure><figure class='gallery-item'>\n\t\t\t<div class='gallery-icon landscape'>\n\t\t\t\t<a href='https:\/\/norderney-sportboothafen.de\/?attachment_id=4276'><img loading=\"lazy\" decoding=\"async\" width=\"300\" height=\"162\" src=\"https:\/\/norderney-sportboothafen.de\/wp-content\/uploads\/2024\/09\/Luftbild-Hafen_2-300x162.png\" class=\"attachment-medium size-medium\" alt=\"\" srcset=\"https:\/\/norderney-sportboothafen.de\/wp-content\/uploads\/2024\/09\/Luftbild-Hafen_2-300x162.png 300w, https:\/\/norderney-sportboothafen.de\/wp-content\/uploads\/2024\/09\/Luftbild-Hafen_2-1400x754.png 1400w, https:\/\/norderney-sportboothafen.de\/wp-content\/uploads\/2024\/09\/Luftbild-Hafen_2-768x414.png 768w, https:\/\/norderney-sportboothafen.de\/wp-content\/uploads\/2024\/09\/Luftbild-Hafen_2-1536x828.png 1536w, https:\/\/norderney-sportboothafen.de\/wp-content\/uploads\/2024\/09\/Luftbild-Hafen_2.png 1843w\" sizes=\"auto, 100vw\" \/><\/a>\n\t\t\t<\/div><\/figure>\n\t\t<\/div>\n\n<p>Ob es darum geht, beim weiteren T\u00f6rn zu beraten, Wetter- oder Tidenauskunft zu geben, oder auch nur die Br\u00f6tchenbestellung f\u00fcr den n\u00e4chsten Tag aufzunehmen \u2013 unsere Hafenmeister Stefan Visser, Chris Harms und Willem Nijenhuis sind kompetente Ansprechpartner.<br \/>\nAm Hafen gibt es neben einer Surf- und Segelschule einen Fahrradverleih, Ausr\u00fcstungsm\u00f6glichkeiten und auch eine Schlosserei (\u00fcbernimmt Arbeiten am Boot). Sie wollen Ihre Getr\u00e4nkebest\u00e4nde auff\u00fcllen oder Diesel bunkern? Kein Problem \u2013 nur ein paar Meter vom Steg entfernt k\u00f6nnen Sie \u201etanken\u201d. Superm\u00e4rkte befinden sich in Laufn\u00e4he.<\/p>\n<p>Au\u00dferdem bietet das Staatsbad Norderney nat\u00fcrlich alles f\u00fcr erlebnisreiche und erholsame Hafentage!<\/p>\n","protected":false},"excerpt":{"rendered":"<p>Allgemeines Unser Hafen im \u00dcberblick&#8230; Der Hafen von Norderney geh\u00f6rt zu den beliebtesten Anlaufzielen an der ostfriesischen K\u00fcste. Die moderne Steganlage verf\u00fcgt \u00fcber ca. 250 Liegepl\u00e4tze und liegt im hinteren ruhigen Hafenbecken des Norderneyer Hafens. Es handelt sich zum gro\u00dfen Teil um Stege mit Fingerstegen. F\u00fcr alle Gastlieger besteht die M\u00f6glichkeit eines Strom- oder Wasseranschlusses. &hellip; <\/p>\n<p class=\"link-more\"><a href=\"https:\/\/norderney-sportboothafen.de\/?page_id=128\" class=\"more-link\"><span class=\"screen-reader-text\">\u201eAllgemeines\u201c<\/span> weiterlesen<\/a><\/p>\n","protected":false},"author":1,"featured_media":0,"parent":0,"menu_order":0,"comment_status":"closed","ping_status":"closed","template":"","meta":{"footnotes":""},"class_list":["post-128","page","type-page","status-publish","hentry"],"_links":{"self":[{"href":"https:\/\/norderney-sportboothafen.de\/index.php?rest_route=\/wp\/v2\/pages\/128","targetHints":{"allow":["GET"]}}],"collection":[{"href":"https:\/\/norderney-sportboothafen.de\/index.php?rest_route=\/wp\/v2\/pages"}],"about":[{"href":"https:\/\/norderney-sportboothafen.de\/index.php?rest_route=\/wp\/v2\/types\/page"}],"author":[{"embeddable":true,"href":"https:\/\/norderney-sportboothafen.de\/index.php?rest_route=\/wp\/v2\/users\/1"}],"replies":[{"embeddable":true,"href":"https:\/\/norderney-sportboothafen.de\/index.php?rest_route=%2Fwp%2Fv2%2Fcomments&post=128"}],"version-history":[{"count":13,"href":"https:\/\/norderney-sportboothafen.de\/index.php?rest_route=\/wp\/v2\/pages\/128\/revisions"}],"predecessor-version":[{"id":4279,"href":"https:\/\/norderney-sportboothafen.de\/index.php?rest_route=\/wp\/v2\/pages\/128\/revisions\/4279"}],"wp:attachment":[{"href":"https:\/\/norderney-sportboothafen.de\/index.php?rest_route=%2Fwp%2Fv2%2Fmedia&parent=128"}],"curies":[{"name":"wp","href":"https:\/\/api.w.org\/{rel}","templated":true}]}}