{"id":153,"date":"2017-04-21T21:20:50","date_gmt":"2017-04-21T21:20:50","guid":{"rendered":"http:\/\/norderney-sportboothafen.de\/?page_id=153"},"modified":"2025-07-11T07:39:55","modified_gmt":"2025-07-11T05:39:55","slug":"unsere-mitarbeiter","status":"publish","type":"page","link":"https:\/\/norderney-sportboothafen.de\/?page_id=153","title":{"rendered":"Unsere Mitarbeiter"},"content":{"rendered":"<h1>Unsere Mitarbeiter und Mitarbeiterinnen<\/h1>\n<p><strong>Wir sind f\u00fcr Sie da!<\/strong><\/p>\n<h2>Hafenwarte<\/h2>\n<p>Seit 2022 ist<strong> Chris Harms<\/strong> Hafenwart. <a href=\"https:\/\/norderney-sportboothafen.de\/wp-content\/uploads\/2025\/07\/chris1-scaled-e1752211880510.jpg\"><img loading=\"lazy\" decoding=\"async\" class=\"wp-image-4752 alignright\" src=\"https:\/\/norderney-sportboothafen.de\/wp-content\/uploads\/2025\/07\/chris1-scaled-e1752211880510.jpg\" alt=\"Chris Harms\" width=\"238\" height=\"243\" srcset=\"https:\/\/norderney-sportboothafen.de\/wp-content\/uploads\/2025\/07\/chris1-scaled-e1752211880510.jpg 1410w, https:\/\/norderney-sportboothafen.de\/wp-content\/uploads\/2025\/07\/chris1-scaled-e1752211880510-294x300.jpg 294w, https:\/\/norderney-sportboothafen.de\/wp-content\/uploads\/2025\/07\/chris1-scaled-e1752211880510-1003x1024.jpg 1003w, https:\/\/norderney-sportboothafen.de\/wp-content\/uploads\/2025\/07\/chris1-scaled-e1752211880510-768x784.jpg 768w\" sizes=\"auto, (max-width: 238px) 100vw, 238px\" \/><\/a>Der gelernte Tischler ist patent und freundlich und packt \u00fcberall mit an. Als geb\u00fcrtiger Norderneyer kennt er sich gut mit der Insel, mit der Nordsee und ihren Besonderheiten aus.<\/p>\n<p><a href=\"https:\/\/norderney-sportboothafen.de\/wp-content\/uploads\/2025\/07\/Jakob-Jentsch-scaled.jpg\"><img loading=\"lazy\" decoding=\"async\" class=\"wp-image-4756  alignleft\" src=\"https:\/\/norderney-sportboothafen.de\/wp-content\/uploads\/2025\/07\/Jakob-Jentsch-scaled-e1752212007401.jpg\" alt=\"Jakob\" width=\"261\" height=\"251\" srcset=\"https:\/\/norderney-sportboothafen.de\/wp-content\/uploads\/2025\/07\/Jakob-Jentsch-scaled-e1752212007401.jpg 1775w, https:\/\/norderney-sportboothafen.de\/wp-content\/uploads\/2025\/07\/Jakob-Jentsch-scaled-e1752212007401-300x289.jpg 300w, https:\/\/norderney-sportboothafen.de\/wp-content\/uploads\/2025\/07\/Jakob-Jentsch-scaled-e1752212007401-1065x1024.jpg 1065w, https:\/\/norderney-sportboothafen.de\/wp-content\/uploads\/2025\/07\/Jakob-Jentsch-scaled-e1752212007401-768x739.jpg 768w, https:\/\/norderney-sportboothafen.de\/wp-content\/uploads\/2025\/07\/Jakob-Jentsch-scaled-e1752212007401-1536x1477.jpg 1536w\" sizes=\"auto, (max-width: 261px) 100vw, 261px\" \/><\/a>2025 kam <strong>Jakob Jentsch<\/strong> ins Hafenmeister-Team. Nach seiner mehr als vierj\u00e4hrigen Walz ist der Tischler wieder auf seine Heimatinsel zur\u00fcckgekehrt. Und im Hafen ist der Segler seit seiner Kindheit zuhause. Eine super Kombination f\u00fcr einen Hafenwart.\u00a0<\/p>\n<p>Der Holl\u00e4nder <b>Willem Nijenhuis<\/b> ist seit 2002 in der Saison die rechte Hand der Hafenmeister und \u00fcbernimmt souver\u00e4n das B\u00fcro, wenn die anderen auf dem Steg sind.<a href=\"https:\/\/norderney-sportboothafen.de\/wp-content\/uploads\/2025\/07\/Willem-4-scaled.jpg\"><img loading=\"lazy\" decoding=\"async\" class=\"wp-image-4759  alignright\" src=\"https:\/\/norderney-sportboothafen.de\/wp-content\/uploads\/2025\/07\/Willem-4-scaled-e1752212129237.jpg\" alt=\"Willem Nijenhuis\" width=\"226\" height=\"249\" srcset=\"https:\/\/norderney-sportboothafen.de\/wp-content\/uploads\/2025\/07\/Willem-4-scaled-e1752212129237.jpg 1430w, https:\/\/norderney-sportboothafen.de\/wp-content\/uploads\/2025\/07\/Willem-4-scaled-e1752212129237-273x300.jpg 273w, https:\/\/norderney-sportboothafen.de\/wp-content\/uploads\/2025\/07\/Willem-4-scaled-e1752212129237-930x1024.jpg 930w, https:\/\/norderney-sportboothafen.de\/wp-content\/uploads\/2025\/07\/Willem-4-scaled-e1752212129237-768x845.jpg 768w, https:\/\/norderney-sportboothafen.de\/wp-content\/uploads\/2025\/07\/Willem-4-scaled-e1752212129237-1395x1536.jpg 1395w\" sizes=\"auto, (max-width: 226px) 100vw, 226px\" \/><\/a><br \/>Nicht nur die holl\u00e4ndischen G\u00e4ste sch\u00e4tzen ihn, auch alle anderen m\u00f6gen seine ruhige und humorvolle Art. Und wenn er lacht, muss man einfach mitlachen.<\/p>\n<p><strong>Hafenwarte: 04932\/83545 oder 0175\/2785687<\/strong><\/p>\n<h2><strong>Seglerverein und Sportboothafen &#8211; B\u00fcro<\/strong><\/h2>\n<p>Bei<b> Verena Leidig und Elke Trebsdorf <\/b>gibt es Informationen zum <strong>Seglerverein und dem Sportboothafen Norderney.<\/strong><\/p>\n<div id='gallery-1' class='gallery galleryid-153 gallery-columns-2 gallery-size-medium'><figure class='gallery-item'>\n\t\t\t<div class='gallery-icon landscape'>\n\t\t\t\t<a href='https:\/\/norderney-sportboothafen.de\/?attachment_id=2885'><img loading=\"lazy\" decoding=\"async\" width=\"300\" height=\"205\" src=\"https:\/\/norderney-sportboothafen.de\/wp-content\/uploads\/2022\/06\/Verena-3-300x205.jpg\" class=\"attachment-medium size-medium\" alt=\"\" aria-describedby=\"gallery-1-2885\" srcset=\"https:\/\/norderney-sportboothafen.de\/wp-content\/uploads\/2022\/06\/Verena-3-300x205.jpg 300w, https:\/\/norderney-sportboothafen.de\/wp-content\/uploads\/2022\/06\/Verena-3-1400x957.jpg 1400w, https:\/\/norderney-sportboothafen.de\/wp-content\/uploads\/2022\/06\/Verena-3-768x525.jpg 768w, https:\/\/norderney-sportboothafen.de\/wp-content\/uploads\/2022\/06\/Verena-3-1536x1050.jpg 1536w, https:\/\/norderney-sportboothafen.de\/wp-content\/uploads\/2022\/06\/Verena-3.jpg 1828w\" sizes=\"auto, 100vw\" \/><\/a>\n\t\t\t<\/div>\n\t\t\t\t<figcaption class='wp-caption-text gallery-caption' id='gallery-1-2885'>\n\t\t\t\tVerena\n\t\t\t\t<\/figcaption><\/figure><figure class='gallery-item'>\n\t\t\t<div class='gallery-icon portrait'>\n\t\t\t\t<a href='https:\/\/norderney-sportboothafen.de\/?attachment_id=3584'><img loading=\"lazy\" decoding=\"async\" width=\"241\" height=\"300\" src=\"https:\/\/norderney-sportboothafen.de\/wp-content\/uploads\/2023\/07\/DSC_0376-scaled-e1715590228482-241x300.jpg\" class=\"attachment-medium size-medium\" alt=\"\" aria-describedby=\"gallery-1-3584\" srcset=\"https:\/\/norderney-sportboothafen.de\/wp-content\/uploads\/2023\/07\/DSC_0376-scaled-e1715590228482-241x300.jpg 241w, https:\/\/norderney-sportboothafen.de\/wp-content\/uploads\/2023\/07\/DSC_0376-scaled-e1715590228482-823x1024.jpg 823w, https:\/\/norderney-sportboothafen.de\/wp-content\/uploads\/2023\/07\/DSC_0376-scaled-e1715590228482-768x956.jpg 768w, https:\/\/norderney-sportboothafen.de\/wp-content\/uploads\/2023\/07\/DSC_0376-scaled-e1715590228482-1234x1536.jpg 1234w, https:\/\/norderney-sportboothafen.de\/wp-content\/uploads\/2023\/07\/DSC_0376-scaled-e1715590228482-1645x2048.jpg 1645w, https:\/\/norderney-sportboothafen.de\/wp-content\/uploads\/2023\/07\/DSC_0376-scaled-e1715590228482.jpg 1659w\" sizes=\"auto, 100vw\" \/><\/a>\n\t\t\t<\/div>\n\t\t\t\t<figcaption class='wp-caption-text gallery-caption' id='gallery-1-3584'>\n\t\t\t\tElke\n\t\t\t\t<\/figcaption><\/figure>\n\t\t<\/div>\n\n<p>Elke und Verena sind Ansprechpartnerinnen f\u00fcr die Sportboothafen GmbH und f\u00fcr den Verein. Sie sind zust\u00e4ndig f\u00fcr die Vereinsmitglieder und organisieren Terminabsprachen mit dem Vorstand des Vereins sowie mit den Gesch\u00e4ftsf\u00fchrern der Sportboothafen GmbH.<\/p>\n<p>B\u00fcro: 04932 \/ 934852<\/p>\n<h2><strong>Unsere Ehemaligen<\/strong><\/h2>\n<p><img loading=\"lazy\" decoding=\"async\" class=\"wp-image-2837 alignleft\" src=\"http:\/\/norderney-sportboothafen.de\/wp-content\/uploads\/2022\/03\/Joerg-Pauls-scaled-e1648544016853.jpg\" alt=\"\" width=\"170\" height=\"177\" srcset=\"https:\/\/norderney-sportboothafen.de\/wp-content\/uploads\/2022\/03\/Joerg-Pauls-scaled-e1648544016853.jpg 1510w, https:\/\/norderney-sportboothafen.de\/wp-content\/uploads\/2022\/03\/Joerg-Pauls-scaled-e1648544016853-289x300.jpg 289w, https:\/\/norderney-sportboothafen.de\/wp-content\/uploads\/2022\/03\/Joerg-Pauls-scaled-e1648544016853-986x1024.jpg 986w, https:\/\/norderney-sportboothafen.de\/wp-content\/uploads\/2022\/03\/Joerg-Pauls-scaled-e1648544016853-768x797.jpg 768w, https:\/\/norderney-sportboothafen.de\/wp-content\/uploads\/2022\/03\/Joerg-Pauls-scaled-e1648544016853-1479x1536.jpg 1479w\" sizes=\"auto, (max-width: 170px) 100vw, 170px\" \/>Als Urgestein\u00a0 unter den Hafenmeistern gilt <b>J\u00f6rg Pauls<\/b>, der von 1982 bis Anfang 2022 seinen Dienst versah. 2022 ist er in den Ruhestand gegangen.<br \/>Jeder kannte ihn als zuverl\u00e4ssigen, gewissenhaften Mann, der jederzeit freundlich mit Rat und Tat zur Seite stand. Entlang der K\u00fcste gibt es nur wenige, die er nicht pers\u00f6nlich kennt.<br \/>Von seinen langj\u00e4hrigen Erfahrungen profitierten sowohl die Reviersegler als auch die vielen G\u00e4ste aus dem In- und Ausland.<\/p>\n<p>Und auch <strong>Bibo<\/strong> &#8211; Stefan Visser &#8211; war viele Jahre Teil des Hafenteams. <a href=\"https:\/\/norderney-sportboothafen.de\/wp-content\/uploads\/2025\/07\/Bibo-3-scaled-e1752211409621.jpg\"><img loading=\"lazy\" decoding=\"async\" class=\"wp-image-4745 alignright\" src=\"https:\/\/norderney-sportboothafen.de\/wp-content\/uploads\/2025\/07\/Bibo-3-scaled-e1752211409621.jpg\" alt=\"\" width=\"168\" height=\"177\" srcset=\"https:\/\/norderney-sportboothafen.de\/wp-content\/uploads\/2025\/07\/Bibo-3-scaled-e1752211409621.jpg 1480w, https:\/\/norderney-sportboothafen.de\/wp-content\/uploads\/2025\/07\/Bibo-3-scaled-e1752211409621-285x300.jpg 285w, https:\/\/norderney-sportboothafen.de\/wp-content\/uploads\/2025\/07\/Bibo-3-scaled-e1752211409621-973x1024.jpg 973w, https:\/\/norderney-sportboothafen.de\/wp-content\/uploads\/2025\/07\/Bibo-3-scaled-e1752211409621-768x808.jpg 768w, https:\/\/norderney-sportboothafen.de\/wp-content\/uploads\/2025\/07\/Bibo-3-scaled-e1752211409621-1459x1536.jpg 1459w\" sizes=\"auto, (max-width: 168px) 100vw, 168px\" \/><\/a>Er hat 2025 den Arbeitsplatz gewechselt, ist aber auf der Insel geblieben. Der langj\u00e4hrige und erfahrene Segler war immer freundlich und konnte viele Tipps geben &#8211; zum Wassersport, zum Hafen,\u00a0 zu Wetter und Tide.<\/p>\n\n\n\n","protected":false},"excerpt":{"rendered":"<p>Unsere Mitarbeiter und Mitarbeiterinnen Wir sind f\u00fcr Sie da! Hafenwarte Seit 2022 ist Chris Harms Hafenwart. Der gelernte Tischler ist patent und freundlich und packt \u00fcberall mit an. Als geb\u00fcrtiger Norderneyer kennt er sich gut mit der Insel, mit der Nordsee und ihren Besonderheiten aus. 2025 kam Jakob Jentsch ins Hafenmeister-Team. Nach seiner mehr als &hellip; <\/p>\n<p class=\"link-more\"><a href=\"https:\/\/norderney-sportboothafen.de\/?page_id=153\" class=\"more-link\"><span class=\"screen-reader-text\">\u201eUnsere Mitarbeiter\u201c<\/span> weiterlesen<\/a><\/p>\n","protected":false},"author":1,"featured_media":0,"parent":0,"menu_order":0,"comment_status":"closed","ping_status":"closed","template":"","meta":{"footnotes":""},"class_list":["post-153","page","type-page","status-publish","hentry"],"_links":{"self":[{"href":"https:\/\/norderney-sportboothafen.de\/index.php?rest_route=\/wp\/v2\/pages\/153","targetHints":{"allow":["GET"]}}],"collection":[{"href":"https:\/\/norderney-sportboothafen.de\/index.php?rest_route=\/wp\/v2\/pages"}],"about":[{"href":"https:\/\/norderney-sportboothafen.de\/index.php?rest_route=\/wp\/v2\/types\/page"}],"author":[{"embeddable":true,"href":"https:\/\/norderney-sportboothafen.de\/index.php?rest_route=\/wp\/v2\/users\/1"}],"replies":[{"embeddable":true,"href":"https:\/\/norderney-sportboothafen.de\/index.php?rest_route=%2Fwp%2Fv2%2Fcomments&post=153"}],"version-history":[{"count":34,"href":"https:\/\/norderney-sportboothafen.de\/index.php?rest_route=\/wp\/v2\/pages\/153\/revisions"}],"predecessor-version":[{"id":4764,"href":"https:\/\/norderney-sportboothafen.de\/index.php?rest_route=\/wp\/v2\/pages\/153\/revisions\/4764"}],"wp:attachment":[{"href":"https:\/\/norderney-sportboothafen.de\/index.php?rest_route=%2Fwp%2Fv2%2Fmedia&parent=153"}],"curies":[{"name":"wp","href":"https:\/\/api.w.org\/{rel}","templated":true}]}}