{"id":23,"date":"2017-04-19T16:17:11","date_gmt":"2017-04-19T16:17:11","guid":{"rendered":"http:\/\/norderney-sportboothafen.de\/?page_id=23"},"modified":"2025-09-22T07:32:02","modified_gmt":"2025-09-22T05:32:02","slug":"jugendgruppe","status":"publish","type":"page","link":"https:\/\/norderney-sportboothafen.de\/?page_id=23","title":{"rendered":"Jugendgruppe"},"content":{"rendered":"<h1>\u00a0<\/h1>\n<h1>Die Segeljugend hat eine eigene <a href=\"https:\/\/segeljugend-norderney.de\/\" target=\"_blank\" rel=\"noopener\">Homepage<\/a><\/h1>\n<h1>Unsere Jugendgruppe &#8230;<\/h1>\n<p>&#8230;besteht momentan aus rund 20 Kindern und Jugendlichen im Alter von 8 &#8211; 18 Jahren. Um allen Altersgruppen gerecht zu werden, teilen wir sie in eine Opti- und eine Jollensegler- Gruppe ein.<\/p>\n<p><img loading=\"lazy\" decoding=\"async\" class=\"alignleft wp-image-618\" src=\"https:\/\/norderney-sportboothafen.de\/wp-content\/uploads\/2017\/04\/img_9391-300x201.jpg\" alt=\"\" width=\"225\" height=\"150\" srcset=\"https:\/\/norderney-sportboothafen.de\/wp-content\/uploads\/2017\/04\/img_9391-300x201.jpg 300w, https:\/\/norderney-sportboothafen.de\/wp-content\/uploads\/2017\/04\/img_9391.jpg 640w\" sizes=\"auto, (max-width: 225px) 100vw, 225px\" \/>In den Sommermonaten findet die praktische Ausbildung in den vereinseigenen Booten statt, die bei den fortgeschritteneren Jugendseglern ihren H\u00f6hepunkt in der Teilnahme an Segelregatten findet.<\/p>\n<p>In Kooperation mit der Segelschule Norderney organisieren wir die Ausbildung bis hin zum Segelschein. Die Vorbereitungen hierf\u00fcr werden dabei auch in den Wintermonaten getroffen. Den Jugendlichen werden die theoretischen Kenntnisse des Segelns, der Seemannschaft und wichtige Vorschriften vermittelt.<\/p>\n<p>Der Jugendsegelflotte besteht aktuell aus<img loading=\"lazy\" decoding=\"async\" class=\"size-medium wp-image-621 alignright\" src=\"https:\/\/norderney-sportboothafen.de\/wp-content\/uploads\/2017\/04\/img_9434-300x224.jpg\" alt=\"\" width=\"300\" height=\"224\" srcset=\"https:\/\/norderney-sportboothafen.de\/wp-content\/uploads\/2017\/04\/img_9434-300x224.jpg 300w, https:\/\/norderney-sportboothafen.de\/wp-content\/uploads\/2017\/04\/img_9434.jpg 640w\" sizes=\"auto, (max-width: 300px) 100vw, 300px\" \/><\/p>\n<p>11\u00a0Optimisten,<br \/>1\u00a0Schwertzugvogel,<br \/>3 Teeny-Jollen,<br \/>und 2\u00a0Congerjollen.<\/p>\n<p>Seit dem Jahre 2002 steht den Betreuern ein Trainings- und Sicherungsboot namens Helferlein zur Verf\u00fcgung.<\/p>\n<p>Aber nicht nur die Trainingsarbeit im eigenen Revier steht Jahr f\u00fcr Jahr auf dem Programm. Der Kontakt zu den Jugendabteilungen unserer Nachbarvereine wird intensiv gepflegt. Seit dem Jahre 2000 finden regelm\u00e4\u00dfige Jugendtrainings- und Jugendsegelwochenenden in Kooperation statt. Auch Seminare und Workshops zum Thema Segelsport werden angeboten.<\/p>\n<p>Aber auch andere Bereiche rund um das Segeln kommen nicht zu kurz. Unter fachkundiger Anleitung baute ein kleines Team in den Jahren von 1997 bis 2002, jeweils in den Wintermonaten, zwei Flohjollen und zwei Optimisten sowie ein repr\u00e4sentatives Werbetr\u00e4gerboot f\u00fcr unser Vereinsheim.<\/p>\n<p>Das Winterhalbjahr steht stets auch im Zeichen der theoretischen Segelausbildung und allgemeinen Fortbildung. Dadurch wird auch \u00fcber die Wintermonate reger Kontakt gehalten. Interessierte Jugendliche zu Fortbildungsma\u00dfnahmen, wie z.B. Sportassistenten-, Jugend- und Fach\u00fcbungsleiter-Lehrg\u00e4ngen zu entsenden, ist f\u00fcr uns die Regel. Die Teilnahme an Landes- und Bundes-Jugendseglertagen ist f\u00fcr unsere Jugendvertreter selbstverst\u00e4ndlich.<\/p>\n<p>Hier geht es zur selbstgestalteten Homepage\u00a0 der Jugendgruppe des Seglerverein Norderney unter folgender Domain:<\/p>\n<p><a href=\"https:\/\/segeljugend-norderney.de\/\" target=\"_blank\" rel=\"noopener\">Segeljugend Norderney<\/a><\/p>\n<p>Die Segeljugend Wattenmeer hat sich unter dem fr\u00fcheren Namen Arbeitskreis Jugendsegeln im Nieders\u00e4chsischen Wattenmeer (A-Watt) 2001 gegr\u00fcndet.<\/p>\n<p>Damals hatten sich die\u00a0Jugendwarte, Jugend- und Fach\u00fcbungsleiter sowie die Jugendsprecher der Segel-Jugendabteilungen der ostfriesischen Insel- und K\u00fcstenvereine in Aurich getroffen. Ziel der ehrenamtlichen Gruppe war und ist es, gemeinsam f\u00fcr den Jugendsegelsport im Wattenrevier zwischen Ems und Jade in seiner ganzen Vielfalt einzutreten, ihn zu f\u00f6rdern und zu unterst\u00fctzen.\u00a0<\/p>\n<p>Mit dabei sind die Jugendsegelabteilungen folgender Vereine:<\/p>\n<ul>\n<li>WSV\u00a0\u00a0\u00a0\u00a0\u00a0\u00a0 Burkana Borkum e.V.<\/li>\n<li>SKJ\u00a0\u00a0\u00a0\u00a0\u00a0\u00a0\u00a0\u00a0\u00a0 Segelclub Juist e.V.<\/li>\n<li>SVL \u00a0\u00a0\u00a0\u00a0\u00a0\u00a0\u00a0 Seglerverein Langeoog e.V.<\/li>\n<li>SSC \u00a0\u00a0\u00a0\u00a0\u00a0\u00a0\u00a0 Spiekerooger Segelclub e.V.<\/li>\n<li>YCG \u00a0\u00a0\u00a0\u00a0\u00a0\u00a0\u00a0 Yachtclub Greetsiel e.V.<\/li>\n<li>YCACC \u00a0 Yachtclub Accumersiel e.V.<\/li>\n<li>YCN \u00a0\u00a0\u00a0\u00a0\u00a0\u00a0\u00a0 Yachtclub Norden e.V. (Norddeich)<\/li>\n<li>SVH \u00a0\u00a0\u00a0\u00a0\u00a0\u00a0\u00a0 Seglerverein Harlebucht e.V. (Bensersiel) \u00a0\u00a0\u00a0\u00a0\u00a0\u00a0<\/li>\n<li>SVN\u00a0\u00a0\u00a0\u00a0\u00a0\u00a0\u00a0\u00a0 Seglerverein Norderney e.V.<\/li>\n<li>NYC\u00a0\u00a0\u00a0\u00a0\u00a0\u00a0\u00a0\u00a0 Neuharlingersieler Yachtclub e.V.<\/li>\n<li>YCH\u00a0\u00a0\u00a0\u00a0\u00a0\u00a0\u00a0\u00a0 Yachtclub Harlesiel e.V.\u00a0<\/li>\n<li>WYC\u00a0\u00a0\u00a0\u00a0\u00a0\u00a0\u00a0 Wangerooger Yachtclub e.V.\u00a0\u00a0\u00a0\u00a0\u00a0\u00a0\u00a0\u00a0<\/li>\n<\/ul>\n<p>Der Sinn und Zweck besteht darin, vereins\u00fcbergreifende soziale und segelsportliche Jugendveranstaltungen im Wattenrevier unter einem nach innen und au\u00dfen hin sichtbaren, gemeinsamen Verbund durchf\u00fchren, so z.B.:<\/p>\n<ul>\n<li>Segelfreizeiten<\/li>\n<li>Wochenendtouren (Jolle und Dickschiff)<\/li>\n<li>Trainingswochenenden (Jolle und Opti)<\/li>\n<li>Jugendsegelwochenenden ( Jolle und Opti)<\/li>\n<\/ul>\n\n\n\n","protected":false},"excerpt":{"rendered":"<p>\u00a0 Die Segeljugend hat eine eigene Homepage Unsere Jugendgruppe &#8230; &#8230;besteht momentan aus rund 20 Kindern und Jugendlichen im Alter von 8 &#8211; 18 Jahren. Um allen Altersgruppen gerecht zu werden, teilen wir sie in eine Opti- und eine Jollensegler- Gruppe ein. In den Sommermonaten findet die praktische Ausbildung in den vereinseigenen Booten statt, die &hellip; <\/p>\n<p class=\"link-more\"><a href=\"https:\/\/norderney-sportboothafen.de\/?page_id=23\" class=\"more-link\"><span class=\"screen-reader-text\">\u201eJugendgruppe\u201c<\/span> weiterlesen<\/a><\/p>\n","protected":false},"author":1,"featured_media":0,"parent":0,"menu_order":0,"comment_status":"closed","ping_status":"closed","template":"","meta":{"footnotes":""},"class_list":["post-23","page","type-page","status-publish","hentry"],"_links":{"self":[{"href":"https:\/\/norderney-sportboothafen.de\/index.php?rest_route=\/wp\/v2\/pages\/23","targetHints":{"allow":["GET"]}}],"collection":[{"href":"https:\/\/norderney-sportboothafen.de\/index.php?rest_route=\/wp\/v2\/pages"}],"about":[{"href":"https:\/\/norderney-sportboothafen.de\/index.php?rest_route=\/wp\/v2\/types\/page"}],"author":[{"embeddable":true,"href":"https:\/\/norderney-sportboothafen.de\/index.php?rest_route=\/wp\/v2\/users\/1"}],"replies":[{"embeddable":true,"href":"https:\/\/norderney-sportboothafen.de\/index.php?rest_route=%2Fwp%2Fv2%2Fcomments&post=23"}],"version-history":[{"count":16,"href":"https:\/\/norderney-sportboothafen.de\/index.php?rest_route=\/wp\/v2\/pages\/23\/revisions"}],"predecessor-version":[{"id":4912,"href":"https:\/\/norderney-sportboothafen.de\/index.php?rest_route=\/wp\/v2\/pages\/23\/revisions\/4912"}],"wp:attachment":[{"href":"https:\/\/norderney-sportboothafen.de\/index.php?rest_route=%2Fwp%2Fv2%2Fmedia&parent=23"}],"curies":[{"name":"wp","href":"https:\/\/api.w.org\/{rel}","templated":true}]}}