{"id":656,"date":"2017-04-23T22:43:25","date_gmt":"2017-04-23T20:43:25","guid":{"rendered":"http:\/\/norderney-sportboothafen.de\/?page_id=656"},"modified":"2025-09-22T07:40:42","modified_gmt":"2025-09-22T05:40:42","slug":"links","status":"publish","type":"page","link":"https:\/\/norderney-sportboothafen.de\/?page_id=656","title":{"rendered":"Links"},"content":{"rendered":"<h1>Links<\/h1>\n<table style=\"width: 100%;\">\n<tbody>\n<tr>\n<td style=\"text-align: left; vertical-align: middle;\"><img loading=\"lazy\" decoding=\"async\" class=\"size-full wp-image-974 alignleft\" src=\"https:\/\/norderney-sportboothafen.de\/wp-content\/uploads\/2017\/04\/startball.jpg\" alt=\"\" width=\"165\" height=\"110\" \/><\/td>\n<td style=\"text-align: center; vertical-align: middle;\"><img loading=\"lazy\" decoding=\"async\" class=\"size-full wp-image-971 aligncenter\" src=\"https:\/\/norderney-sportboothafen.de\/wp-content\/uploads\/2017\/04\/tonne.jpg\" alt=\"\" width=\"200\" height=\"110\" \/><\/td>\n<td style=\"text-align: right; vertical-align: middle;\"><img loading=\"lazy\" decoding=\"async\" class=\"alignright wp-image-970\" src=\"https:\/\/norderney-sportboothafen.de\/wp-content\/uploads\/2017\/05\/wolke-1.jpg\" alt=\"\" width=\"167\" height=\"110\" \/><\/td>\n<\/tr>\n<\/tbody>\n<\/table>\n<p><span style=\"font-size: 1rem;\">Hier finden Sie eine Linksammlung mit interessanten Internet-Adressen aus den Bereichen Segeln, Schiffahrt und Region.<\/span><\/p>\n<p><span style=\"background-color: #00ccff;\"><strong><a style=\"background-color: #00ccff;\" href=\"https:\/\/segeljugend-norderney.de\/\" target=\"_blank\" rel=\"noopener\">Segeljugend Norderney\u00a0<\/a><\/strong><\/span><\/p>\n<h4><span style=\"font-size: 1rem;\">Wetter<\/span><\/h4>\n<table style=\"width: 100%;\">\n<tbody>\n<tr>\n<td style=\"width: 35%; text-align: left; vertical-align: top;\"><a href=\"http:\/\/www.wetteronline.de\/wetter\/norderney\" target=\"_blank\" rel=\"noopener noreferrer\">WetterOnline<\/a><\/td>\n<td style=\"text-align: left; vertical-align: top;\">Wind- und Wettervorhersage f\u00fcr Norderney<\/td>\n<\/tr>\n<tr>\n<td style=\"width: 35%; text-align: left; vertical-align: top;\"><a href=\"http:\/\/www.dwd.de\/DE\/leistungen\/kuestenseewetterbericht\/kuestenseewetterbericht.html\" target=\"_blank\" rel=\"noopener noreferrer\">Deutscher Wetterdienst (DWD)<\/a><\/td>\n<td style=\"text-align: left; vertical-align: top;\">K\u00fcstenwetterbericht Nordsee<\/td>\n<\/tr>\n<tr>\n<td style=\"width: 35%; text-align: left; vertical-align: top;\"><a href=\"https:\/\/www.windfinder.com\/weatherforecast\/norderney_januskopf\" target=\"_blank\" rel=\"noopener noreferrer\">Windfinder<\/a><\/td>\n<td style=\"text-align: left; vertical-align: top;\">Seewetterbericht f\u00fcr Norderney<\/td>\n<\/tr>\n<tr>\n<td style=\"width: 35%; text-align: left; vertical-align: top;\"><a href=\"http:\/\/www.unwetterzentrale.de\/uwz\/niedersachsenindex.html\" target=\"_blank\" rel=\"noopener noreferrer\">MeteoGroup\u00a0Unwetterzentrale<\/a><\/td>\n<td style=\"text-align: left; vertical-align: top;\">Unwetterwarnungen f\u00fcr Niedersachsen<\/td>\n<\/tr>\n<\/tbody>\n<\/table>\n<h4><span style=\"font-size: 1rem;\">Revierinformationen<\/span><\/h4>\n<table style=\"width: 101.039%; height: 521px;\">\n<tbody>\n<tr>\n<td style=\"width: 35%; text-align: left; vertical-align: top;\"><a href=\"https:\/\/www.bsh.de\/DE\/DATEN\/Vorhersagen\/Gezeiten\/gezeiten_node.html\" target=\"_blank\" rel=\"noopener noreferrer\">Gezeiten-Vorausberechnung (BSH)<\/a><\/td>\n<td style=\"width: 65%; text-align: left; vertical-align: top;\">Gezeiten-Vorausberechnung f\u00fcr Norderney, Riffgatt vom Bundesamt f\u00fcr Seeschifffahrt und Hydrographie<\/td>\n<\/tr>\n<tr>\n<td style=\"width: 35%; text-align: left; vertical-align: top;\"><a href=\"https:\/\/www.bsh.de\/DE\/DATEN\/Wasserstand_Nordsee\/wasserstand_nordsee_tabelle_node.html\" target=\"_blank\" rel=\"noopener noreferrer\">Wasserstands-Vorhersage (BSH)<\/a><\/td>\n<td style=\"width: 65%; text-align: left; vertical-align: top;\">Wasserstands-Vorhersage f\u00fcr die ostfriesischen Inseln vom Bundesamt f\u00fcr Seeschifffahrt und Hydrographie<\/td>\n<\/tr>\n<tr>\n<td style=\"width: 35%; text-align: left; vertical-align: top;\"><a href=\"https:\/\/www.bsh.de\/DE\/DATEN\/Vorhersagen\/Stroemungen\/stroemungen_node.html\" target=\"_blank\" rel=\"noopener noreferrer\">Str\u00f6mungs-Vorausberechnung (BSH)<\/a><\/td>\n<td style=\"width: 65%; text-align: left; vertical-align: top;\">Str\u00f6mumgs-Vorausberechnung f\u00fcr die Deutsche Bucht vom Bundesamt f\u00fcr Seeschifffahrt und Hydrographie<\/td>\n<\/tr>\n<tr>\n<td style=\"width: 35%; text-align: left; vertical-align: top;\"><a href=\"https:\/\/sturmflutwarndienst-nlwkn.azurewebsites.net\/tide.pdf\" target=\"_blank\" rel=\"noopener noreferrer\">Sturmflutwarndienst (NLWKN)<\/a><\/td>\n<td style=\"width: 65%; text-align: left; vertical-align: top;\">Wasserstandsvorhersage des Sturmfutwarndienstes f\u00fcr die Nieders\u00e4chsische K\u00fcste (Nieders\u00e4chsischer Landesbetrieb f\u00fcr Wasserwirtschaft, K\u00fcsten- und Naturschutz)<\/td>\n<\/tr>\n<tr>\n<td style=\"width: 35%; text-align: left; vertical-align: top;\">Bekanntmachungen f\u00fcr Seefahrer (ELWIS)<br \/>\n<span style=\"color: #808080;\">Link aktuell nicht sicher<\/span><\/td>\n<td style=\"width: 65%; text-align: left; vertical-align: top;\">Bekanntmachungen f\u00fcr Seefahrer f\u00fcr den Bereich Ostfriesiche Inseln der Wasser- und Schifffahrtsverwaltung des Bundes<\/td>\n<\/tr>\n<tr>\n<td style=\"width: 35%; text-align: left; vertical-align: top;\"><a href=\"https:\/\/wassersportjahrbuch.de\/\">Wassersportjahrbuch<\/a><\/td>\n<td style=\"width: 65%; text-align: left; vertical-align: top;\">Aktuelle Informationen und Wissenswertes f\u00fcr die ostfriesische K\u00fcste<\/td>\n<\/tr>\n<tr>\n<td style=\"width: 35%; text-align: left; vertical-align: top;\"><a href=\"https:\/\/www.i-g-ems.de\/\" target=\"_blank\" rel=\"noopener\">IG Ems<\/a><\/td>\n<td style=\"width: 65%; text-align: left; vertical-align: top;\">T\u00f6rnberechnung Wattenmeer<\/td>\n<\/tr>\n<tr>\n<td style=\"width: 35%; text-align: left; vertical-align: top;\"><a href=\"http:\/\/www.wattsegler.de\" target=\"_blank\" rel=\"noopener noreferrer\">Wattsegler<\/a><\/td>\n<td style=\"width: 65%; text-align: left; vertical-align: top;\">Aktuelle Informationen und Interessantes rund um das Wattsegeln<\/td>\n<\/tr>\n<\/tbody>\n<\/table>\n<table style=\"width: 100.297%; height: 59px;\">\n<tbody>\n<tr>\n<td style=\"width: 35.7988%;\"><a href=\"https:\/\/www.nationalpark-wattenmeer.de\/wissensbeitrag\/befahrensverordnung-karte\/\" target=\"_blank\" rel=\"noopener\">Nordsee Befahrensverordnung<\/a><\/td>\n<td style=\"width: 64.0533%;\">G\u00fcltig f\u00fcr den Nationalpark Wattenmeer (2024)<\/td>\n<\/tr>\n<\/tbody>\n<\/table>\n<h4><span style=\"font-size: 1rem;\">Norderney<\/span><\/h4>\n<table style=\"width: 100%;\">\n<tbody>\n<tr>\n<td style=\"width: 35%; text-align: left; vertical-align: top;\"><a href=\"http:\/\/www.norderney.de\" target=\"_blank\" rel=\"noopener noreferrer\">www.norderney.de<\/a><\/td>\n<td style=\"width: 65%;\">Offizielle Internetseite des Nordseeheilbades Norderney mit vielen Informationen rund um die Insel<\/td>\n<\/tr>\n<tr>\n<td style=\"width: 35%; text-align: left; vertical-align: top;\"><a href=\"https:\/\/www.norderney.de\/events\" target=\"_blank\" rel=\"noopener noreferrer\">Veranstaltungs-Kalender<\/a><\/td>\n<td style=\"width: 65%;\">Offizieller Veranstaltungskalender des Staatsbads<\/td>\n<\/tr>\n<tr>\n<td style=\"width: 35%; text-align: left; vertical-align: top;\"><a href=\"https:\/\/www.stadt-norderney.de\/buergerservice\/kalender\/\" target=\"_blank\" rel=\"noopener\">Veranstaltungen Norderney<\/a><\/td>\n<td style=\"width: 65%;\">Veranstaltungen der NorderneyerInnen<\/td>\n<\/tr>\n<\/tbody>\n<\/table>\n<h4><span style=\"font-size: 1rem;\">Benachbarte Segler- und Wassersportvereine<\/span><\/h4>\n<table style=\"width: 100%;\">\n<tbody>\n<tr>\n<td style=\"width: 35%; text-align: left; vertical-align: top;\"><a href=\"http:\/\/www.sv-langeoog.de\" target=\"_blank\" rel=\"noopener noreferrer\">Seglerverein Langeoog<\/a><\/td>\n<td style=\"width: 65%; text-align: left; vertical-align: top;\">Internetseite des Seglervereins Langeoog e. V. (SVL)<\/td>\n<\/tr>\n<tr>\n<td style=\"width: 35%; text-align: left; vertical-align: top;\"><a href=\"http:\/\/www.segelklub-juist.de\" target=\"_blank\" rel=\"noopener noreferrer\">Segelklub Juist<\/a><\/td>\n<td style=\"width: 65%; text-align: left; vertical-align: top;\">Internetseite des Segel-Klub Juist e. V. (SKJ)<\/td>\n<\/tr>\n<tr>\n<td style=\"width: 35%; text-align: left; vertical-align: top;\"><a href=\"http:\/\/www.yachtclub-greetsiel.de\" target=\"_blank\" rel=\"noopener noreferrer\">Yachtclub Greetsiel<\/a><\/td>\n<td style=\"width: 65%; text-align: left; vertical-align: top;\">Internetseite des Yachtclub Greetsiel e. V. (YCG)<\/td>\n<\/tr>\n<tr>\n<td style=\"width: 35%; text-align: left; vertical-align: top;\"><a href=\"http:\/\/spiekerooger-segelclub.de\" target=\"_blank\" rel=\"noopener noreferrer\">Spiekerooger Segelclub<\/a><\/td>\n<td style=\"width: 65%; text-align: left; vertical-align: top;\">Internetseite des Spiekerooger Segelclubs e. V. (SSC)<\/td>\n<\/tr>\n<tr>\n<td style=\"width: 35%; text-align: left; vertical-align: top;\"><a href=\"http:\/\/svh-bensersiel.de\" target=\"_blank\" rel=\"noopener noreferrer\">Seglerverein\u00a0Harlebucht<\/a><\/td>\n<td style=\"width: 65%; text-align: left; vertical-align: top;\">Internetseite des\u00a0Seglerverein\u00a0Harlebucht Bensersiel<\/td>\n<\/tr>\n<tr>\n<td style=\"width: 35%; text-align: left; vertical-align: top;\"><a href=\"http:\/\/www.yacht-club-norden.de\" target=\"_blank\" rel=\"noopener noreferrer\">Yacht-Club Norden<\/a><\/td>\n<td style=\"width: 65%; text-align: left; vertical-align: top;\">Internetseite des\u00a0Yachtclub Norden (YCN)<\/td>\n<\/tr>\n<tr>\n<td style=\"width: 35%; text-align: left; vertical-align: top;\"><a href=\"http:\/\/www.ycacc.de\" target=\"_blank\" rel=\"noopener noreferrer\">Yachtclub Accumersiel<\/a><\/td>\n<td style=\"width: 65%; text-align: left; vertical-align: top;\">Internetseite des Yachtclubs Accumersiel (YC ACC)<\/td>\n<\/tr>\n<tr>\n<td style=\"width: 35%; text-align: left; vertical-align: top;\"><a href=\"https:\/\/www.wyc-wangerooge.de\" target=\"_blank\" rel=\"noopener noreferrer\">Wangerooger Yachtclub<\/a><\/td>\n<td style=\"width: 65%; text-align: left; vertical-align: top;\">Internetseite des Wangerooger Yachtclubs (WYC)<\/td>\n<\/tr>\n<tr>\n<td style=\"width: 35%; text-align: left; vertical-align: top;\"><a href=\"http:\/\/www.borkum-hafen.de\" target=\"_blank\" rel=\"noopener noreferrer\">Wassersportverein Burkana Borkum<\/a><\/td>\n<td style=\"width: 65%; text-align: left; vertical-align: top;\">Internetseite des Wassersportvereines Burkana e. V. Borkum (WSVB)<\/td>\n<\/tr>\n<\/tbody>\n<\/table>\n<h4>Verb\u00e4nde, Organisationen und mehr Interessantes&#8230;<\/h4>\n<table style=\"width: 100%; height: 408px;\">\n<tbody>\n<tr style=\"height: 52px;\">\n<td style=\"width: 35%; text-align: left; vertical-align: top; height: 55px;\">\u00a0<a href=\"https:\/\/norderney.dlrg.de\" target=\"_blank\" rel=\"noopener noreferrer\">DLRG Norderney<\/a><\/td>\n<td style=\"width: 64.9852%; text-align: left; vertical-align: top; height: 55px;\">Vorstellung der Deutschen-Lebens-Rettungs-Gesellschaft (DLRG)\/ Ortsgruppe Norderney e.V.<\/td>\n<\/tr>\n<tr style=\"height: 52px;\">\n<td style=\"width: 35%; text-align: left; vertical-align: top; height: 52px;\"><a href=\"https:\/\/www.segeln-niedersachsen.de\" target=\"_blank\" rel=\"noopener noreferrer\">Seglerverband Niedersachsen<\/a><\/td>\n<td style=\"width: 64.9852%; text-align: left; vertical-align: top; height: 52px;\">Dachverband der Wassersportvereine in Niedersachsen<\/td>\n<\/tr>\n<tr style=\"height: 104px;\">\n<td style=\"width: 35%; text-align: left; vertical-align: top; height: 104px;\"><a href=\"http:\/\/www.dsv.org\" target=\"_blank\" rel=\"noopener noreferrer\">Deutscher Segler-Verband<\/a><\/td>\n<td style=\"width: 64.9852%; text-align: left; vertical-align: top; height: 104px;\">Der 1888 gegr\u00fcndete Deutsche Segler-Verband e.\u00a0V. (DSV) ist die nationale Interessenvertretung und der Spitzensportverband der deutschen Segler.<\/td>\n<\/tr>\n<tr style=\"height: 28.8125px;\">\n<td style=\"width: 35%; text-align: left; vertical-align: top; height: 55px;\"><a href=\"https:\/\/matzeney.beepworld.de\/index.htm\" target=\"_blank\" rel=\"noopener noreferrer\">A-Watt<\/a><\/td>\n<td style=\"width: 64.9852%; text-align: left; vertical-align: top; height: 55px;\">Arbeitskreis Jugendsegeln im Nieders\u00e4chsischen Wattenmeer<\/td>\n<\/tr>\n<tr style=\"height: 26px;\">\n<td style=\"width: 35%; text-align: left; vertical-align: top; height: 76px;\"><a href=\"http:\/\/www.limnomar.de\" target=\"_blank\" rel=\"noopener noreferrer\">Limnomar<\/a><\/td>\n<td style=\"width: 64.9852%; text-align: left; vertical-align: top; height: 76px;\">Labor f\u00fcr Meeresforschung und Meeresbiologie mit Informationen beispielsweise zu Antifouling und Bewuchs an Schiffen und schwimmenden Anlagen<\/td>\n<\/tr>\n<tr style=\"height: 66px;\">\n<td style=\"width: 35%; text-align: left; vertical-align: top; height: 66px;\"><a href=\"https:\/\/brillantifouling.com\/\" target=\"_blank\" rel=\"noopener\">Dr. Brill + Partner<\/a><\/td>\n<td style=\"width: 64.9852%; text-align: left; vertical-align: top; height: 66px;\">Institut f\u00fcr Antifouling und Biokorrosion. Untersuchung von Antifoulingprodukten sowie mikrobiell beeinflusster Korrosion (MIC) im maritimen und limnischen Bereich. Labor auf Norderney: Pr\u00fcfverfahren im Bereich Antifouling.<\/td>\n<\/tr>\n<tr>\n<td style=\"width: 35%; text-align: left; vertical-align: top;\"><a href=\"https:\/\/www.umweltbundesamt.de\/themen\/chemikalien\/biozide\/biozidprodukte\/antifouling-mittel\/bewuchsatlas-start\" target=\"_blank\" rel=\"noopener\">Bewuchsatlas<\/a><\/td>\n<td style=\"width: 64.9852%; text-align: left; vertical-align: top;\">Der Bewuchs-Atlas informiert Bootsbesitzende \u00fcber das Thema Bewuchs. Mit Hilfe der Karten k\u00f6nnen die lokalen Bewuchsverh\u00e4ltnisse vor Ort recherchiert werden. Dazu gibt es Bewuchsschutzempfehlungen.Die Grundlage f\u00fcr den Bewuchs-Atlas wurde im Rahmen eines Gutachtens durch das Labor f\u00fcr Limnische und Marine Forschung (LimnoMar) im Auftrag des Umweltbundesamts entwickelt.<\/td>\n<\/tr>\n<\/tbody>\n<\/table>\n<p>Hiermit distanzieren wir uns ausdr\u00fccklich von allen Inhalten aller gelinkten Seiten auf dieser Homepage\u00a0 und machen uns diese Inhalte nicht zu eigen. Diese Erkl\u00e4rung gilt f\u00fcr alle auf dieser Homepage angebrachten Links.<\/p>\n<p>Urteil vom 12. Mai 1998 &#8211; 312 O 85\/98 &#8211; &#8222;Haftung f\u00fcr Links&#8220; LG Hamburg<\/p>\n","protected":false},"excerpt":{"rendered":"<p>Links Hier finden Sie eine Linksammlung mit interessanten Internet-Adressen aus den Bereichen Segeln, Schiffahrt und Region. Segeljugend Norderney\u00a0 Wetter WetterOnline Wind- und Wettervorhersage f\u00fcr Norderney Deutscher Wetterdienst (DWD) K\u00fcstenwetterbericht Nordsee Windfinder Seewetterbericht f\u00fcr Norderney MeteoGroup\u00a0Unwetterzentrale Unwetterwarnungen f\u00fcr Niedersachsen Revierinformationen Gezeiten-Vorausberechnung (BSH) Gezeiten-Vorausberechnung f\u00fcr Norderney, Riffgatt vom Bundesamt f\u00fcr Seeschifffahrt und Hydrographie Wasserstands-Vorhersage (BSH) Wasserstands-Vorhersage f\u00fcr &hellip; <\/p>\n<p class=\"link-more\"><a href=\"https:\/\/norderney-sportboothafen.de\/?page_id=656\" class=\"more-link\"><span class=\"screen-reader-text\">\u201eLinks\u201c<\/span> weiterlesen<\/a><\/p>\n","protected":false},"author":1,"featured_media":0,"parent":0,"menu_order":0,"comment_status":"closed","ping_status":"closed","template":"","meta":{"footnotes":""},"class_list":["post-656","page","type-page","status-publish","hentry"],"_links":{"self":[{"href":"https:\/\/norderney-sportboothafen.de\/index.php?rest_route=\/wp\/v2\/pages\/656","targetHints":{"allow":["GET"]}}],"collection":[{"href":"https:\/\/norderney-sportboothafen.de\/index.php?rest_route=\/wp\/v2\/pages"}],"about":[{"href":"https:\/\/norderney-sportboothafen.de\/index.php?rest_route=\/wp\/v2\/types\/page"}],"author":[{"embeddable":true,"href":"https:\/\/norderney-sportboothafen.de\/index.php?rest_route=\/wp\/v2\/users\/1"}],"replies":[{"embeddable":true,"href":"https:\/\/norderney-sportboothafen.de\/index.php?rest_route=%2Fwp%2Fv2%2Fcomments&post=656"}],"version-history":[{"count":86,"href":"https:\/\/norderney-sportboothafen.de\/index.php?rest_route=\/wp\/v2\/pages\/656\/revisions"}],"predecessor-version":[{"id":4917,"href":"https:\/\/norderney-sportboothafen.de\/index.php?rest_route=\/wp\/v2\/pages\/656\/revisions\/4917"}],"wp:attachment":[{"href":"https:\/\/norderney-sportboothafen.de\/index.php?rest_route=%2Fwp%2Fv2%2Fmedia&parent=656"}],"curies":[{"name":"wp","href":"https:\/\/api.w.org\/{rel}","templated":true}]}}