{"id":796,"date":"2017-04-28T21:58:44","date_gmt":"2017-04-28T19:58:44","guid":{"rendered":"http:\/\/norderney-sportboothafen.de\/?page_id=796"},"modified":"2025-07-11T07:16:48","modified_gmt":"2025-07-11T05:16:48","slug":"796-2","status":"publish","type":"page","link":"https:\/\/norderney-sportboothafen.de\/?page_id=796","title":{"rendered":"Rund um den Hafen"},"content":{"rendered":"<h1>Rund um den Hafen<\/h1>\n<h4>Bierstube Aalkuhle<\/h4>\n<p>Die Aalkuhle<b> <\/b>ist der Treffpunkt f\u00fcr Vereinsmitglieder, unsere G\u00e4ste und f\u00fcr alle, die sich f\u00fcr den Wassersport interessieren. Mit Blick auf unseren Hafen und das Wattenmeer genie\u00dft man hier das gepflegte Bier, den Sundowner, Snacks oder auch nur mal einen anst\u00e4ndigen Pott Kaffee. Wir freuen uns auf viele gesellige Abende.<\/p>\n<p><img loading=\"lazy\" decoding=\"async\" class=\"alignnone wp-image-1035 size-full\" src=\"https:\/\/norderney-sportboothafen.de\/wp-content\/uploads\/2017\/06\/2016aalkuhle.jpg\" alt=\"\" width=\"1400\" height=\"847\" srcset=\"https:\/\/norderney-sportboothafen.de\/wp-content\/uploads\/2017\/06\/2016aalkuhle.jpg 1400w, https:\/\/norderney-sportboothafen.de\/wp-content\/uploads\/2017\/06\/2016aalkuhle-300x182.jpg 300w, https:\/\/norderney-sportboothafen.de\/wp-content\/uploads\/2017\/06\/2016aalkuhle-768x465.jpg 768w, https:\/\/norderney-sportboothafen.de\/wp-content\/uploads\/2017\/06\/2016aalkuhle-1024x620.jpg 1024w\" sizes=\"auto, (max-width: 767px) 89vw, (max-width: 1000px) 54vw, (max-width: 1071px) 543px, 580px\" \/><\/p>\n<h4>Restaurant Bootshaus<\/h4>\n<p>In stilvollem modernen Ambiente laden Schirmbar und Restaurant zum Verweilen und Speisen ein. Kulinarisch verw\u00f6hnt werden die G\u00e4ste auf jeden Fall. Seit Februar 2024 ist unsere Restauration neu verpachtet. Inhaber Janis Kleemann und sein Team hei\u00dfen Sie im Bootshaus by Fischgenie\u00dferei willkommen.<\/p>\n<p><img loading=\"lazy\" decoding=\"async\" class=\"alignnone wp-image-1038 size-full\" src=\"https:\/\/norderney-sportboothafen.de\/wp-content\/uploads\/2017\/06\/2016neysplacelounge.jpg\" alt=\"\" width=\"1400\" height=\"759\" srcset=\"https:\/\/norderney-sportboothafen.de\/wp-content\/uploads\/2017\/06\/2016neysplacelounge.jpg 1400w, https:\/\/norderney-sportboothafen.de\/wp-content\/uploads\/2017\/06\/2016neysplacelounge-300x163.jpg 300w, https:\/\/norderney-sportboothafen.de\/wp-content\/uploads\/2017\/06\/2016neysplacelounge-768x416.jpg 768w, https:\/\/norderney-sportboothafen.de\/wp-content\/uploads\/2017\/06\/2016neysplacelounge-1024x555.jpg 1024w\" sizes=\"auto, (max-width: 767px) 89vw, (max-width: 1000px) 54vw, (max-width: 1071px) 543px, 580px\" \/><\/p>\n<h4>Bootsausr\u00fcster &#8211; Service &#8211; Reparatur<\/h4>\n<p style=\"text-align: left;\">Die Schlosserei de Boer direkt am Hafen versorgt Sie mit Ausr\u00fcstungsgegenst\u00e4nden f\u00fcr Ihr Schiff. Reparaturen und Motorwartungen werden ausgef\u00fchrt.\u00a0Telefon: 04932-3203.<br \/>\nWeitere Informationen und \u00d6ffnungszeiten erhalten Sie unter <a target=\"_self\" rel=\"noopener\">www.schlosserei-deboer.de<\/a>.<\/p>\n<p><img loading=\"lazy\" decoding=\"async\" class=\"alignnone wp-image-1041 size-full\" src=\"https:\/\/norderney-sportboothafen.de\/wp-content\/uploads\/2017\/06\/2015ausruestung.jpg\" alt=\"\" width=\"1400\" height=\"583\" srcset=\"https:\/\/norderney-sportboothafen.de\/wp-content\/uploads\/2017\/06\/2015ausruestung.jpg 1400w, https:\/\/norderney-sportboothafen.de\/wp-content\/uploads\/2017\/06\/2015ausruestung-300x125.jpg 300w, https:\/\/norderney-sportboothafen.de\/wp-content\/uploads\/2017\/06\/2015ausruestung-768x320.jpg 768w, https:\/\/norderney-sportboothafen.de\/wp-content\/uploads\/2017\/06\/2015ausruestung-1024x426.jpg 1024w\" sizes=\"auto, (max-width: 767px) 89vw, (max-width: 1000px) 54vw, (max-width: 1071px) 543px, 580px\" \/><\/p>\n<p style=\"text-align: left;\"><strong>Diesel &#8211; Kraftstoffe<\/strong><\/p>\n<p>Die <strong>Dieseltankstation\u00a0<\/strong><b>Lanfer<\/b>\u00a0befindet sich direkt am Hafen. Wer direkt an der Kaimauer bunkern m\u00f6chte, muss sich telefonisch anmelden. (Tankwart Andy Meyer, Telefon: 0170-7038662).<br \/>\nSommer\u00f6ffnungszeiten:<br \/>\nMontag bis Freitag:\u00a0 8.00 &#8211; 12.30 Uhr und 14 &#8211; 17 Uhr<br \/>\nSamstag: \u00a0 \u00a0 \u00a0 \u00a0 \u00a0 \u00a0 \u00a0 \u00a0 \u00a0 \u00a0 \u00a0 \u00a010.00 &#8211; 12.00<br \/>\nZus\u00e4tzlich finden Sie ca. 50 m von der Kaimauer entfernt einen <strong>EC-Dieselautomaten.<br \/>\n<img loading=\"lazy\" decoding=\"async\" class=\"alignnone wp-image-1063 size-full\" src=\"https:\/\/norderney-sportboothafen.de\/wp-content\/uploads\/2017\/06\/2017tankstelle.jpg\" alt=\"\" width=\"1400\" height=\"860\" srcset=\"https:\/\/norderney-sportboothafen.de\/wp-content\/uploads\/2017\/06\/2017tankstelle.jpg 1400w, https:\/\/norderney-sportboothafen.de\/wp-content\/uploads\/2017\/06\/2017tankstelle-300x184.jpg 300w, https:\/\/norderney-sportboothafen.de\/wp-content\/uploads\/2017\/06\/2017tankstelle-768x472.jpg 768w, https:\/\/norderney-sportboothafen.de\/wp-content\/uploads\/2017\/06\/2017tankstelle-1024x629.jpg 1024w\" sizes=\"auto, (max-width: 767px) 89vw, (max-width: 1000px) 54vw, (max-width: 1071px) 543px, 580px\" \/><br \/>\n<\/strong><\/p>\n<p>Die\u00a0<b>Tankstelle Bodenstab<\/b> in der Hafenstra\u00dfe 6 (ca. 400 m vom Hafen entfernt) bietet an seinen Zapfs\u00e4ulen mit EC-Karte Kraftstoffe (auch Benzin) rund um die Uhr. Ab 200 l erfolgt auch eine Kraftstofflieferung zum Hafen. Telefon 04932-93800.<\/p>\n<p><strong>Proviant und Getr\u00e4nke<\/strong><\/p>\n<p>Verpflegung und Getr\u00e4nke sind in unmittelbarer Hafenn\u00e4he in zwei Superm\u00e4rkten erh\u00e4ltlich (Hafenstra\u00dfe und Gorch Fock Weg). Umfangreiche Versorgungsm\u00f6glichkeiten gibt es im Ort.<\/p>\n<p><strong>Segelschule\u00a0Nordern<span style=\"line-height: inherit; font-size: 1rem;\">ey<\/span><\/strong><\/p>\n<p><img loading=\"lazy\" decoding=\"async\" class=\"wp-image-815 size-full aligncenter\" src=\"https:\/\/norderney-sportboothafen.de\/wp-content\/uploads\/2017\/04\/segelschule2015.jpg\" alt=\"\" width=\"380\" height=\"161\" srcset=\"https:\/\/norderney-sportboothafen.de\/wp-content\/uploads\/2017\/04\/segelschule2015.jpg 380w, https:\/\/norderney-sportboothafen.de\/wp-content\/uploads\/2017\/04\/segelschule2015-300x127.jpg 300w\" sizes=\"auto, (max-width: 380px) 100vw, 380px\" \/><\/p>\n<p>Die Segelschule Norderney existiert bereits seit vielen Jahren am Hafen. Seit Mai 2015 hat Sid Behrend die Leitung. Es werden die Ausbildungen f\u00fcr\u00a0 Bootsf\u00fchrerscheine, Segelt\u00f6rns (nicht nur zu Ausbildungszwecken) angeboten.<\/p>\n<p>In der Kindersegelschule am Surfbecken k\u00f6nnen die J\u00fcngeren in der Saison mit Benni und seinem Team das Segeln lernen. Infos unter <a href=\"https:\/\/www.segelschule-norderney.de\/kindersegeln\" target=\"_blank\" rel=\"noopener\">www.segelschule-norderney.de\/kindersegeln<\/a> oder unter Telefon 0176 87048864.<\/p>\n<p>Weitere Informationen unter <a href=\"http:\/\/www.segelschule-norderney.de\" target=\"_blank\" rel=\"noopener noreferrer\">www.segelschule-norderney.de<\/a> oder telefonisch unter 0175-7663737.<\/p>\n<h4>Surfschule<\/h4>\n<p><img loading=\"lazy\" decoding=\"async\" class=\"alignnone wp-image-1047 size-full\" src=\"https:\/\/norderney-sportboothafen.de\/wp-content\/uploads\/2017\/06\/2015surfschule.jpg\" alt=\"\" width=\"1400\" height=\"773\" srcset=\"https:\/\/norderney-sportboothafen.de\/wp-content\/uploads\/2017\/06\/2015surfschule.jpg 1400w, https:\/\/norderney-sportboothafen.de\/wp-content\/uploads\/2017\/06\/2015surfschule-300x166.jpg 300w, https:\/\/norderney-sportboothafen.de\/wp-content\/uploads\/2017\/06\/2015surfschule-768x424.jpg 768w, https:\/\/norderney-sportboothafen.de\/wp-content\/uploads\/2017\/06\/2015surfschule-1024x565.jpg 1024w\" sizes=\"auto, (max-width: 767px) 89vw, (max-width: 1000px) 54vw, (max-width: 1071px) 543px, 580px\" \/><br \/>\nDirekt hinter dem Wassersportzentrum, am Surfbecken am Strand des Fischerhafens, finden Sie die Surfschule Norderney.<br \/>\nWindsurfen, Wellenreiten, Wingfoilen, S.U.P., Kitesurfen sowie Kajakausfl\u00fcge werden angeboten.<br \/>\nTelefon 04932-648, Homepage:\u00a0<a target=\"_self\" rel=\"noopener\">www.surfschule-norderney.de<\/a><\/p>\n","protected":false},"excerpt":{"rendered":"<p>Rund um den Hafen Bierstube Aalkuhle Die Aalkuhle ist der Treffpunkt f\u00fcr Vereinsmitglieder, unsere G\u00e4ste und f\u00fcr alle, die sich f\u00fcr den Wassersport interessieren. Mit Blick auf unseren Hafen und das Wattenmeer genie\u00dft man hier das gepflegte Bier, den Sundowner, Snacks oder auch nur mal einen anst\u00e4ndigen Pott Kaffee. Wir freuen uns auf viele gesellige &hellip; <\/p>\n<p class=\"link-more\"><a href=\"https:\/\/norderney-sportboothafen.de\/?page_id=796\" class=\"more-link\"><span class=\"screen-reader-text\">\u201eRund um den Hafen\u201c<\/span> weiterlesen<\/a><\/p>\n","protected":false},"author":1,"featured_media":0,"parent":0,"menu_order":0,"comment_status":"closed","ping_status":"closed","template":"","meta":{"footnotes":""},"class_list":["post-796","page","type-page","status-publish","hentry"],"_links":{"self":[{"href":"https:\/\/norderney-sportboothafen.de\/index.php?rest_route=\/wp\/v2\/pages\/796","targetHints":{"allow":["GET"]}}],"collection":[{"href":"https:\/\/norderney-sportboothafen.de\/index.php?rest_route=\/wp\/v2\/pages"}],"about":[{"href":"https:\/\/norderney-sportboothafen.de\/index.php?rest_route=\/wp\/v2\/types\/page"}],"author":[{"embeddable":true,"href":"https:\/\/norderney-sportboothafen.de\/index.php?rest_route=\/wp\/v2\/users\/1"}],"replies":[{"embeddable":true,"href":"https:\/\/norderney-sportboothafen.de\/index.php?rest_route=%2Fwp%2Fv2%2Fcomments&post=796"}],"version-history":[{"count":55,"href":"https:\/\/norderney-sportboothafen.de\/index.php?rest_route=\/wp\/v2\/pages\/796\/revisions"}],"predecessor-version":[{"id":4743,"href":"https:\/\/norderney-sportboothafen.de\/index.php?rest_route=\/wp\/v2\/pages\/796\/revisions\/4743"}],"wp:attachment":[{"href":"https:\/\/norderney-sportboothafen.de\/index.php?rest_route=%2Fwp%2Fv2%2Fmedia&parent=796"}],"curies":[{"name":"wp","href":"https:\/\/api.w.org\/{rel}","templated":true}]}}